{"id":106092,"date":"2025-07-21T18:41:15","date_gmt":"2025-07-21T16:41:15","guid":{"rendered":"https:\/\/fabnum.tech\/?page_id=106092"},"modified":"2026-02-24T12:43:53","modified_gmt":"2026-02-24T11:43:53","slug":"clubs-memoire-vive","status":"publish","type":"page","link":"https:\/\/fabnum.tech\/index.php\/clubs-memoire-vive\/","title":{"rendered":"Les Clubs M\u00e9moire Vive"},"content":{"rendered":"<div class=\"wpb-content-wrapper\"><p>[vc_row row_height_percent=\u00a0\u00bb0&Prime; override_padding=\u00a0\u00bbyes\u00a0\u00bb h_padding=\u00a0\u00bb2&Prime; top_padding=\u00a0\u00bb7&Prime; bottom_padding=\u00a0\u00bb7&Prime; overlay_alpha=\u00a0\u00bb50&Prime; gutter_size=\u00a0\u00bb3&Prime; column_width_percent=\u00a0\u00bb100&Prime; shift_y=\u00a0\u00bb0&Prime; z_index=\u00a0\u00bb0&Prime;][vc_column column_width_percent=\u00a0\u00bb100&Prime; gutter_size=\u00a0\u00bb4&Prime; overlay_alpha=\u00a0\u00bb50&Prime; shift_x=\u00a0\u00bb0&Prime; shift_y=\u00a0\u00bb0&Prime; shift_y_down=\u00a0\u00bb0&Prime; z_index=\u00a0\u00bb0&Prime; medium_width=\u00a0\u00bb0&Prime; mobile_width=\u00a0\u00bb0&Prime; width=\u00a0\u00bb1\/1&Prime;][vc_row_inner][vc_column_inner width=\u00a0\u00bb1\/2&Prime;][vc_custom_heading text_color=\u00a0\u00bbcolor-482803&Prime; heading_semantic=\u00a0\u00bbh6&Prime; text_size=\u00a0\u00bbfontsize-160000&Prime; text_transform=\u00a0\u00bbuppercase\u00a0\u00bb text_space=\u00a0\u00bbfontspace-135905&Prime; uncode_shortcode_id=\u00a0\u00bb385255&Prime; text_color_type=\u00a0\u00bbuncode-palette\u00a0\u00bb]Un projet financ\u00e9 par AG2R la Mondiale[\/vc_custom_heading][vc_custom_heading text_size=\u00a0\u00bbfontsize-155944&Prime; uncode_shortcode_id=\u00a0\u00bb175384&Prime;]<\/p>\n<h1>\ud83d\ude80 Rejoignez les Clubs M\u00e9moire Vive de la Fabrique Num\u00e9rique de Gonesse<\/h1>\n<p>[\/vc_custom_heading][vc_column_text text_lead=\u00a0\u00bbyes\u00a0\u00bb uncode_shortcode_id=\u00a0\u00bb234292&Prime;]<\/p>\n<p data-start=\"297\" data-end=\"360\"><strong><em>Un espace pour cr\u00e9er, partager, apprendre et se rencontrer.<\/em><\/strong><\/p>\n<p data-start=\"362\" data-end=\"612\">Vous avez une passion ? Un centre d\u2019int\u00e9r\u00eat que vous aimeriez faire d\u00e9couvrir \u00e0 d\u2019autres ?<br data-start=\"452\" data-end=\"455\" \/>Vous r\u00eavez de lancer un projet collectif, mais vous ne savez pas par o\u00f9 commencer ?<br data-start=\"538\" data-end=\"541\" \/>Vous cherchez un lieu pour vous retrouver, \u00e9changer, tester vos id\u00e9es ?<\/p>\n<p data-start=\"362\" data-end=\"612\">La Fabrique Num\u00e9rique de Gonesse lance un appel \u00e0 participation pour cr\u00e9er ses premiers Clubs citoyens, cr\u00e9atifs et num\u00e9riques !<\/p>\n<p>[\/vc_column_text][vc_column_text text_lead=\u00a0\u00bbyes\u00a0\u00bb uncode_shortcode_id=\u00a0\u00bb214433&Prime;]<\/p>\n<h3 data-start=\"752\" data-end=\"781\">Qu\u2019est-ce qu\u2019un Club ?<\/h3>\n<p data-start=\"782\" data-end=\"1026\">Un Club, c\u2019est un petit groupe de personnes qui se retrouvent autour d\u2019un int\u00e9r\u00eat commun : une passion, une envie d\u2019agir, de transmettre ou de fabriquer quelque chose ensemble.<br data-start=\"966\" data-end=\"969\" \/>C\u2019est vous qui proposez, nous vous accompagnons !<\/p>\n<p>[\/vc_column_text][\/vc_column_inner][vc_column_inner width=\u00a0\u00bb1\/2&Prime;][vc_column_text uncode_shortcode_id=\u00a0\u00bb785191&Prime;]<img decoding=\"async\" class=\"aligncenter wp-image-106220 size-full\" src=\"http:\/\/fabnum.tech\/wp-content\/uploads\/2026\/02\/CMV-Visuel-type-affiche-QR-1.png\" alt=\"\" width=\"1587\" height=\"2245\" srcset=\"https:\/\/fabnum.tech\/wp-content\/uploads\/2026\/02\/CMV-Visuel-type-affiche-QR-1.png 1587w, https:\/\/fabnum.tech\/wp-content\/uploads\/2026\/02\/CMV-Visuel-type-affiche-QR-1-212x300.png 212w, https:\/\/fabnum.tech\/wp-content\/uploads\/2026\/02\/CMV-Visuel-type-affiche-QR-1-768x1086.png 768w, https:\/\/fabnum.tech\/wp-content\/uploads\/2026\/02\/CMV-Visuel-type-affiche-QR-1-1086x1536.png 1086w, https:\/\/fabnum.tech\/wp-content\/uploads\/2026\/02\/CMV-Visuel-type-affiche-QR-1-1448x2048.png 1448w\" sizes=\"(max-width: 1587px) 100vw, 1587px\" \/>[\/vc_column_text][vc_button button_color=\u00a0\u00bbcolor-482803&Prime; size=\u00a0\u00bbbtn-lg\u00a0\u00bb radius=\u00a0\u00bbbtn-round\u00a0\u00bb border_animation=\u00a0\u00bbbtn-ripple-out\u00a0\u00bb wide=\u00a0\u00bbyes\u00a0\u00bb hover_fx=\u00a0\u00bboutlined\u00a0\u00bb custom_typo=\u00a0\u00bbyes\u00a0\u00bb font_family=\u00a0\u00bbfont-377884&Prime; font_weight=\u00a0\u00bb400&Prime; border_width=\u00a0\u00bb0&Prime; link=\u00a0\u00bburl:https%3A%2F%2Fforms.gle%2FYDSCbX3KhQVGzjto6|target:_blank\u00a0\u00bb button_color_type=\u00a0\u00bbuncode-palette\u00a0\u00bb uncode_shortcode_id=\u00a0\u00bb590861&Prime;]LES INSCRIPTIONS \ud83d\udcdd[\/vc_button][\/vc_column_inner][\/vc_row_inner][vc_custom_heading uncode_shortcode_id=\u00a0\u00bb195115&Prime;]<\/p>\n<h3 data-start=\"1033\" data-end=\"1085\"><span style=\"color: #e84da1;\">Quelques id\u00e9es de Clubs \u00e0 imaginer ensemble :<\/span><\/h3>\n<h4 data-start=\"1086\" data-end=\"1118\"><\/h4>\n<p>[\/vc_custom_heading][vc_row_inner row_inner_height_percent=\u00a0\u00bb0&Prime; overlay_alpha=\u00a0\u00bb50&Prime; gutter_size=\u00a0\u00bb0&Prime; shift_y=\u00a0\u00bb0&Prime; z_index=\u00a0\u00bb0&Prime; limit_content=\u00a0\u00bb\u00a0\u00bb uncode_shortcode_id=\u00a0\u00bb170084&Prime;][vc_column_inner column_width_percent=\u00a0\u00bb100&Prime; gutter_size=\u00a0\u00bb4&Prime; overlay_alpha=\u00a0\u00bb50&Prime; shift_x=\u00a0\u00bb0&Prime; shift_y=\u00a0\u00bb0&Prime; shift_y_down=\u00a0\u00bb0&Prime; z_index=\u00a0\u00bb0&Prime; medium_width=\u00a0\u00bb0&Prime; mobile_width=\u00a0\u00bb0&Prime; width=\u00a0\u00bb1\/2&Prime;][vc_icon position=\u00a0\u00bbleft\u00a0\u00bb icon=\u00a0\u00bbfa fa-pencil3&Prime; size=\u00a0\u00bbfa-3x\u00a0\u00bb text_font=\u00a0\u00bbfont-377884&Prime; text_size=\u00a0\u00bbh4&Prime; title=\u00a0\u00bbM\u00e9moire &amp; expression\u00a0\u00bb link=\u00a0\u00bb|||\u00a0\u00bb uncode_shortcode_id=\u00a0\u00bb349143&Prime; icon_color_type=\u00a0\u00bbuncode-solid\u00a0\u00bb icon_color_solid=\u00a0\u00bb#e84da1&Prime;]<\/p>\n<ul>\n<li data-start=\"1119\" data-end=\"1179\">\n<p style=\"text-align: left;\" data-start=\"1121\" data-end=\"1179\">Cr\u00e9er un journal de quartier ou un podcast local<\/p>\n<\/li>\n<li style=\"text-align: left;\" data-start=\"1180\" data-end=\"1288\">\n<p data-start=\"1182\" data-end=\"1288\">Collecter la m\u00e9moire du territoire : interviews vid\u00e9os, t\u00e9moignages audio, expositions photo<\/p>\n<\/li>\n<li data-start=\"1289\" data-end=\"1370\">\n<p style=\"text-align: left;\" data-start=\"1291\" data-end=\"1370\">Lancer un blog participatif ou un site web pour raconter votre quartier<\/p>\n<\/li>\n<\/ul>\n<p>[\/vc_icon][vc_icon position=\u00a0\u00bbleft\u00a0\u00bb icon=\u00a0\u00bbfa fa-wrench\u00a0\u00bb size=\u00a0\u00bbfa-3x\u00a0\u00bb text_size=\u00a0\u00bbh4&Prime; title=\u00a0\u00bbCr\u00e9ation, r\u00e9cup\u2019 et r\u00e9paration\u00a0\u00bb link=\u00a0\u00bb|||\u00a0\u00bb uncode_shortcode_id=\u00a0\u00bb181812&Prime; icon_color_type=\u00a0\u00bbuncode-solid\u00a0\u00bb icon_color_solid=\u00a0\u00bb#603f8a\u00a0\u00bb]<\/p>\n<ul>\n<li>Fabriquer des objets \u00e0 partir de mat\u00e9riaux r\u00e9cup\u00e9r\u00e9s (cartons, cagettes, tissus\u2026)<\/li>\n<li>Lancer un atelier de r\u00e9paration ou un Repair Caf\u00e9<\/li>\n<li>Apprendre \u00e0 bidouiller, d\u00e9monter, remonter, d\u00e9tourner des objets du quotidien<\/li>\n<\/ul>\n<p>[\/vc_icon][\/vc_column_inner][vc_column_inner width=\u00a0\u00bb1\/2&Prime;][vc_icon position=\u00a0\u00bbleft\u00a0\u00bb icon=\u00a0\u00bbfa fa-camera-retro\u00a0\u00bb size=\u00a0\u00bbfa-3x\u00a0\u00bb text_size=\u00a0\u00bbh4&Prime; title=\u00a0\u00bbJeux, arts &amp; loisirs\u00a0\u00bb link=\u00a0\u00bb|||\u00a0\u00bb uncode_shortcode_id=\u00a0\u00bb104039&Prime; icon_color_type=\u00a0\u00bbuncode-solid\u00a0\u00bb icon_color_solid=\u00a0\u00bb#603f8a\u00a0\u00bb]<\/p>\n<ul>\n<li data-start=\"1682\" data-end=\"1755\">\n<p data-start=\"1684\" data-end=\"1755\">Cr\u00e9er un club de jeux de soci\u00e9t\u00e9 ou de jeux vid\u00e9o coop\u00e9ratifs<\/p>\n<\/li>\n<li data-start=\"1756\" data-end=\"1853\">\n<p data-start=\"1758\" data-end=\"1853\">Se retrouver pour des ateliers de loisirs cr\u00e9atifs : peinture, dessin, couture, broderie\u2026<\/p>\n<\/li>\n<li data-start=\"1854\" data-end=\"1940\">\n<p data-start=\"1856\" data-end=\"1940\">Monter un atelier th\u00e9\u00e2tre, d\u2019\u00e9criture collective, ou un groupe de parole<\/p>\n<\/li>\n<\/ul>\n<p>[\/vc_icon][vc_icon position=\u00a0\u00bbleft\u00a0\u00bb icon=\u00a0\u00bbfa fa-globe2&Prime; size=\u00a0\u00bbfa-3x\u00a0\u00bb text_size=\u00a0\u00bbh4&Prime; title=\u00a0\u00bbSolidarit\u00e9 &amp; environnement\u00a0\u00bb link=\u00a0\u00bb|||\u00a0\u00bb uncode_shortcode_id=\u00a0\u00bb687671&Prime; icon_color_type=\u00a0\u00bbuncode-solid\u00a0\u00bb icon_color_solid=\u00a0\u00bb#603f8a\u00a0\u00bb]<\/p>\n<ul data-start=\"1981\" data-end=\"2239\">\n<li data-start=\"1981\" data-end=\"2066\">\n<p data-start=\"1983\" data-end=\"2066\">Lancer un club z\u00e9ro d\u00e9chet, d\u2019\u00e9change de savoirs, de cuisine du monde<\/p>\n<\/li>\n<li data-start=\"2067\" data-end=\"2148\">\n<p data-start=\"2069\" data-end=\"2148\">Organiser des marches exploratoires ou des balades urbaines sensibles<\/p>\n<\/li>\n<li data-start=\"2149\" data-end=\"2239\">\n<p data-start=\"2151\" data-end=\"2239\">Cr\u00e9er des actions citoyennes : entraide, jardinage, compost, cartographie participative\u2026<\/p>\n<\/li>\n<\/ul>\n<p>[\/vc_icon][\/vc_column_inner][\/vc_row_inner][vc_row_inner][vc_column_inner width=\u00a0\u00bb1\/2&Prime;][vc_custom_heading text_color=\u00a0\u00bbaccent\u00a0\u00bb heading_semantic=\u00a0\u00bbh6&Prime; text_size=\u00a0\u00bbfontsize-160000&Prime; text_transform=\u00a0\u00bbuppercase\u00a0\u00bb text_space=\u00a0\u00bbfontspace-135905&Prime; uncode_shortcode_id=\u00a0\u00bb190414&Prime; text_color_type=\u00a0\u00bbuncode-palette\u00a0\u00bb]<\/p>\n<h2><span style=\"color: #e84da1;\">Et le num\u00e9rique dans tout \u00e7a ?<\/span><\/h2>\n<p>[\/vc_custom_heading][vc_custom_heading heading_semantic=\u00a0\u00bbh3&Prime; text_size=\u00a0\u00bbfontsize-155944&Prime; subheading=\u00a0\u00bbPas besoin d\u2019\u00eatre expert !<br \/>\n\u00c0 la Fabrique Num\u00e9rique, le num\u00e9rique est un outil au service de vos projets :<br \/>\nNous vous accompagnons avec les ressources utiles pour :<\/p>\n<p>&#8211; Monter un site ou un blog<br \/>\n&#8211; R\u00e9aliser un podcast ou une vid\u00e9o<br \/>\n&#8211; Utiliser les r\u00e9seaux sociaux pour donner de la visibilit\u00e9 \u00e0 votre club<br \/>\n&#8211; Prototyper des objets (impression 3D, d\u00e9coupe laser&#8230;)<br \/>\n&#8211; Cr\u00e9er une newsletter, un visuel, un support de communication\u2026<\/p>\n<p>Nous adaptons l\u2019accompagnement \u00e0 vos envies, vos besoins et votre rythme.\u00a0\u00bb uncode_shortcode_id=\u00a0\u00bb559350&Prime; text_color_type=\u00a0\u00bbuncode-palette\u00a0\u00bb text_color_solid=\u00a0\u00bb#ff0000&Prime;][\/vc_custom_heading][vc_column_text uncode_shortcode_id=\u00a0\u00bb211678&Prime;]<img decoding=\"async\" class=\"aligncenter size-large wp-image-106110\" src=\"http:\/\/fabnum.tech\/wp-content\/uploads\/2025\/07\/absolutvision-82TpEld0_e4-unsplash-1024x683.jpg\" alt=\"\" width=\"840\" height=\"560\" srcset=\"https:\/\/fabnum.tech\/wp-content\/uploads\/2025\/07\/absolutvision-82TpEld0_e4-unsplash-1024x683.jpg 1024w, https:\/\/fabnum.tech\/wp-content\/uploads\/2025\/07\/absolutvision-82TpEld0_e4-unsplash-300x200.jpg 300w, https:\/\/fabnum.tech\/wp-content\/uploads\/2025\/07\/absolutvision-82TpEld0_e4-unsplash-768x512.jpg 768w, https:\/\/fabnum.tech\/wp-content\/uploads\/2025\/07\/absolutvision-82TpEld0_e4-unsplash-1536x1024.jpg 1536w, https:\/\/fabnum.tech\/wp-content\/uploads\/2025\/07\/absolutvision-82TpEld0_e4-unsplash-2048x1365.jpg 2048w, https:\/\/fabnum.tech\/wp-content\/uploads\/2025\/07\/absolutvision-82TpEld0_e4-unsplash-scaled.jpg 2560w\" sizes=\"(max-width: 840px) 100vw, 840px\" \/>.[\/vc_column_text][\/vc_column_inner][vc_column_inner width=\u00a0\u00bb1\/2&Prime;][vc_column_text uncode_shortcode_id=\u00a0\u00bb457297&Prime;]<img decoding=\"async\" class=\"aligncenter wp-image-106108 size-large\" src=\"http:\/\/fabnum.tech\/wp-content\/uploads\/2025\/07\/wesson-wang-y0_vFxOHayg-unsplash-1024x683.jpg\" alt=\"\" width=\"840\" height=\"560\" srcset=\"https:\/\/fabnum.tech\/wp-content\/uploads\/2025\/07\/wesson-wang-y0_vFxOHayg-unsplash-1024x683.jpg 1024w, https:\/\/fabnum.tech\/wp-content\/uploads\/2025\/07\/wesson-wang-y0_vFxOHayg-unsplash-300x200.jpg 300w, https:\/\/fabnum.tech\/wp-content\/uploads\/2025\/07\/wesson-wang-y0_vFxOHayg-unsplash-768x512.jpg 768w, https:\/\/fabnum.tech\/wp-content\/uploads\/2025\/07\/wesson-wang-y0_vFxOHayg-unsplash-1536x1024.jpg 1536w, https:\/\/fabnum.tech\/wp-content\/uploads\/2025\/07\/wesson-wang-y0_vFxOHayg-unsplash-2048x1365.jpg 2048w, https:\/\/fabnum.tech\/wp-content\/uploads\/2025\/07\/wesson-wang-y0_vFxOHayg-unsplash-scaled.jpg 2560w\" sizes=\"(max-width: 840px) 100vw, 840px\" \/>[\/vc_column_text][vc_custom_heading text_color=\u00a0\u00bbaccent\u00a0\u00bb heading_semantic=\u00a0\u00bbh6&Prime; text_size=\u00a0\u00bbfontsize-160000&Prime; text_transform=\u00a0\u00bbuppercase\u00a0\u00bb text_space=\u00a0\u00bbfontspace-135905&Prime; uncode_shortcode_id=\u00a0\u00bb838050&Prime; text_color_type=\u00a0\u00bbuncode-palette\u00a0\u00bb]<\/p>\n<h2>Pourquoi participer ?<\/h2>\n<p>[\/vc_custom_heading][vc_custom_heading heading_semantic=\u00a0\u00bbh3&Prime; text_size=\u00a0\u00bbfontsize-155944&Prime; subheading=\u00a0\u00bb- Pour faire vivre vos id\u00e9es<br \/>\n&#8211; Pour rencontrer d\u2019autres habitant\u00b7e\u00b7s et partager vos passions<br \/>\n&#8211; Pour apprendre ensemble, dans une ambiance bienveillante<br \/>\n&#8211; Pour agir concr\u00e8tement, \u00e0 votre \u00e9chelle, pour le quartier\u00a0\u00bb uncode_shortcode_id=\u00a0\u00bb388947&Prime; text_color_type=\u00a0\u00bbuncode-palette\u00a0\u00bb text_color_solid=\u00a0\u00bb#ff0000&Prime;][\/vc_custom_heading][vc_button button_color=\u00a0\u00bbcolor-482803&Prime; size=\u00a0\u00bbbtn-lg\u00a0\u00bb radius=\u00a0\u00bbbtn-round\u00a0\u00bb border_animation=\u00a0\u00bbbtn-ripple-out\u00a0\u00bb wide=\u00a0\u00bbyes\u00a0\u00bb hover_fx=\u00a0\u00bboutlined\u00a0\u00bb custom_typo=\u00a0\u00bbyes\u00a0\u00bb font_family=\u00a0\u00bbfont-377884&Prime; font_weight=\u00a0\u00bb400&Prime; border_width=\u00a0\u00bb0&Prime; link=\u00a0\u00bburl:https%3A%2F%2Fforms.gle%2FYDSCbX3KhQVGzjto6|target:_blank\u00a0\u00bb button_color_type=\u00a0\u00bbuncode-palette\u00a0\u00bb uncode_shortcode_id=\u00a0\u00bb172201&Prime;]LES INSCRIPTIONS \ud83d\udcdd[\/vc_button][\/vc_column_inner][\/vc_row_inner][vc_row_inner][vc_column_inner width=\u00a0\u00bb1\/1&Prime;][vc_custom_heading uncode_shortcode_id=\u00a0\u00bb142760&Prime;]<\/p>\n<h3 data-start=\"3073\" data-end=\"3096\">\ud83d\udccd<span style=\"color: #e84da1;\"> O\u00f9 \u00e7a se passe et quand ?<\/span><\/h3>\n<p data-start=\"3097\" data-end=\"3244\">\u00c0 la Fabrique Num\u00e9rique de Gonesse, un lieu ouvert, accueillant, \u00e9quip\u00e9 et gratuit, d\u00e9di\u00e9 \u00e0 la cr\u00e9ativit\u00e9, au collectif et \u00e0 l\u2019exp\u00e9rimentation.<\/p>\n<h3><span style=\"color: #e84da1;\"><strong>Tous les mercredis matins de 10h \u00e0 12h !<\/strong><\/span><\/h3>\n<p>[\/vc_custom_heading][vc_raw_html]JTNDaWZyYW1lJTIwc3JjJTNEJTIyaHR0cHMlM0ElMkYlMkZ3d3cuZ29vZ2xlLmNvbSUyRm1hcHMlMkZlbWJlZCUzRnBiJTNEJTIxMW0xOCUyMTFtMTIlMjExbTMlMjExZDMyMTEuMzI0NzIxMzkzMjE3MyUyMTJkMi40MjQxMTc5ODMzOTkwNDI1JTIxM2Q0OS4wMDE3OTU3OTU4MzQwNyUyMTJtMyUyMTFmMCUyMTJmMCUyMTNmMCUyMTNtMiUyMTFpMTAyNCUyMTJpNzY4JTIxNGYxMy4xJTIxM20zJTIxMW0yJTIxMXMweDQ3ZTY2YTYyMTFlNTk5ODklMjUzQTB4NDA5MWI1NDRlYjJmZGJkYSUyMTJzTGElMjUyMEZhYnJpcXVlJTI1MjBOdW1lcmlxdWUlMjUyMERlJTI1MjBHb25lc3NlJTIxNWUwJTIxM20yJTIxMXNmciUyMTJzZnIlMjE0djE3NTMxNzMwMzk0NTIlMjE1bTIlMjExc2ZyJTIxMnNmciUyMiUyMHdpZHRoJTNEJTIyNjAwJTIyJTIwaGVpZ2h0JTNEJTIyNDUwJTIyJTIwc3R5bGUlM0QlMjJib3JkZXIlM0EwJTNCJTIyJTIwYWxsb3dmdWxsc2NyZWVuJTNEJTIyJTIyJTIwbG9hZGluZyUzRCUyMmxhenklMjIlMjByZWZlcnJlcnBvbGljeSUzRCUyMm5vLXJlZmVycmVyLXdoZW4tZG93bmdyYWRlJTIyJTNFJTNDJTJGaWZyYW1lJTNF[\/vc_raw_html][vc_button button_color=\u00a0\u00bbcolor-482803&Prime; size=\u00a0\u00bbbtn-lg\u00a0\u00bb radius=\u00a0\u00bbbtn-round\u00a0\u00bb border_animation=\u00a0\u00bbbtn-ripple-out\u00a0\u00bb wide=\u00a0\u00bbyes\u00a0\u00bb hover_fx=\u00a0\u00bboutlined\u00a0\u00bb custom_typo=\u00a0\u00bbyes\u00a0\u00bb font_family=\u00a0\u00bbfont-377884&Prime; font_weight=\u00a0\u00bb400&Prime; border_width=\u00a0\u00bb0&Prime; link=\u00a0\u00bburl:https%3A%2F%2Fforms.gle%2FYDSCbX3KhQVGzjto6|target:_blank\u00a0\u00bb button_color_type=\u00a0\u00bbuncode-palette\u00a0\u00bb uncode_shortcode_id=\u00a0\u00bb177134&Prime;]LES INSCRIPTIONS \ud83d\udcdd[\/vc_button][\/vc_column_inner][\/vc_row_inner][\/vc_column][\/vc_row]<\/p>\n<\/div>","protected":false},"excerpt":{"rendered":"<p>[vc_row row_height_percent=\u00a0\u00bb0&Prime; override_padding=\u00a0\u00bbyes\u00a0\u00bb h_padding=\u00a0\u00bb2&Prime; top_padding=\u00a0\u00bb7&Prime; bottom_padding=\u00a0\u00bb7&Prime; overlay_alpha=\u00a0\u00bb50&Prime; gutter_size=\u00a0\u00bb3&Prime; column_width_percent=\u00a0\u00bb100&Prime; shift_y=\u00a0\u00bb0&Prime; z_index=\u00a0\u00bb0&Prime;][vc_column column_width_percent=\u00a0\u00bb100&Prime; gutter_size=\u00a0\u00bb4&Prime; overlay_alpha=\u00a0\u00bb50&Prime; shift_x=\u00a0\u00bb0&Prime; shift_y=\u00a0\u00bb0&Prime; shift_y_down=\u00a0\u00bb0&Prime; z_index=\u00a0\u00bb0&Prime; medium_width=\u00a0\u00bb0&Prime; mobile_width=\u00a0\u00bb0&Prime; [&hellip;]<\/p>\n","protected":false},"author":16,"featured_media":106160,"parent":0,"menu_order":0,"comment_status":"closed","ping_status":"closed","template":"","meta":{"footnotes":""},"class_list":["post-106092","page","type-page","status-publish","has-post-thumbnail","hentry"],"jetpack_sharing_enabled":true,"_links":{"self":[{"href":"https:\/\/fabnum.tech\/index.php\/wp-json\/wp\/v2\/pages\/106092","targetHints":{"allow":["GET"]}}],"collection":[{"href":"https:\/\/fabnum.tech\/index.php\/wp-json\/wp\/v2\/pages"}],"about":[{"href":"https:\/\/fabnum.tech\/index.php\/wp-json\/wp\/v2\/types\/page"}],"author":[{"embeddable":true,"href":"https:\/\/fabnum.tech\/index.php\/wp-json\/wp\/v2\/users\/16"}],"replies":[{"embeddable":true,"href":"https:\/\/fabnum.tech\/index.php\/wp-json\/wp\/v2\/comments?post=106092"}],"version-history":[{"count":44,"href":"https:\/\/fabnum.tech\/index.php\/wp-json\/wp\/v2\/pages\/106092\/revisions"}],"predecessor-version":[{"id":106221,"href":"https:\/\/fabnum.tech\/index.php\/wp-json\/wp\/v2\/pages\/106092\/revisions\/106221"}],"wp:featuredmedia":[{"embeddable":true,"href":"https:\/\/fabnum.tech\/index.php\/wp-json\/wp\/v2\/media\/106160"}],"wp:attachment":[{"href":"https:\/\/fabnum.tech\/index.php\/wp-json\/wp\/v2\/media?parent=106092"}],"curies":[{"name":"wp","href":"https:\/\/api.w.org\/{rel}","templated":true}]}}