{"id":80005,"date":"2019-05-23T14:10:03","date_gmt":"2019-05-23T12:10:03","guid":{"rendered":"http:\/\/fabnum.tech\/?page_id=80005"},"modified":"2023-10-30T18:14:14","modified_gmt":"2023-10-30T17:14:14","slug":"la-formation","status":"publish","type":"page","link":"https:\/\/fabnum.tech\/index.php\/la-formation\/","title":{"rendered":"Notre p\u00e9dagogie"},"content":{"rendered":"<div class=\"wpb-content-wrapper\"><p>[vc_row row_height_percent=\u00a0\u00bb60&Prime; override_padding=\u00a0\u00bbyes\u00a0\u00bb h_padding=\u00a0\u00bb2&Prime; top_padding=\u00a0\u00bb5&Prime; bottom_padding=\u00a0\u00bb5&Prime; back_image=\u00a0\u00bb102341&Prime; overlay_color=\u00a0\u00bbcolor-482803&Prime; overlay_alpha=\u00a0\u00bb70&Prime; equal_height=\u00a0\u00bbyes\u00a0\u00bb gutter_size=\u00a0\u00bb3&Prime; column_width_percent=\u00a0\u00bb100&Prime; shift_y=\u00a0\u00bb0&Prime; z_index=\u00a0\u00bb0&Prime; top_divider=\u00a0\u00bbgradient\u00a0\u00bb bottom_divider=\u00a0\u00bbgradient\u00a0\u00bb][vc_column column_width_percent=\u00a0\u00bb100&Prime; position_vertical=\u00a0\u00bbbottom\u00a0\u00bb gutter_size=\u00a0\u00bb3&Prime; style=\u00a0\u00bbdark\u00a0\u00bb overlay_alpha=\u00a0\u00bb50&Prime; shift_x=\u00a0\u00bb0&Prime; shift_y=\u00a0\u00bb0&Prime; shift_y_down=\u00a0\u00bb0&Prime; z_index=\u00a0\u00bb0&Prime; medium_width=\u00a0\u00bb0&Prime; mobile_width=\u00a0\u00bb0&Prime; width=\u00a0\u00bb1\/1&Prime;][vc_row_inner row_inner_height_percent=\u00a0\u00bb0&Prime; overlay_alpha=\u00a0\u00bb50&Prime; gutter_size=\u00a0\u00bb3&Prime; shift_y=\u00a0\u00bb0&Prime; z_index=\u00a0\u00bb0&Prime;][vc_column_inner column_width_percent=\u00a0\u00bb100&Prime; gutter_size=\u00a0\u00bb3&Prime; style=\u00a0\u00bbdark\u00a0\u00bb overlay_alpha=\u00a0\u00bb50&Prime; shift_x=\u00a0\u00bb0&Prime; shift_y=\u00a0\u00bb0&Prime; shift_y_down=\u00a0\u00bb0&Prime; z_index=\u00a0\u00bb0&Prime; medium_width=\u00a0\u00bb0&Prime; mobile_width=\u00a0\u00bb0&Prime; css_animation=\u00a0\u00bbalpha-anim\u00a0\u00bb animation_delay=\u00a0\u00bb200&Prime; width=\u00a0\u00bb9\/12&Prime;][vc_custom_heading text_color=\u00a0\u00bbcolor-xsdn\u00a0\u00bb heading_semantic=\u00a0\u00bbh6&Prime; text_font=\u00a0\u00bbfont-377884&Prime; text_size=\u00a0\u00bbh4&Prime; text_transform=\u00a0\u00bbuppercase\u00a0\u00bb text_space=\u00a0\u00bbfontspace-135905&Prime;]<span style=\"color: #ffffff;\">Notre p\u00e9dagogie<\/span>[\/vc_custom_heading][vc_custom_heading heading_semantic=\u00a0\u00bbh1&Prime; text_font=\u00a0\u00bbfont-156269&Prime; text_size=\u00a0\u00bbfontsize-338686&Prime; css_animation=\u00a0\u00bbtypewriter\u00a0\u00bb animation_delay=\u00a0\u00bb400&Prime; interval_animation=\u00a0\u00bb20&Prime; uncode_shortcode_id=\u00a0\u00bb111096&Prime;]<span class=\"font-377884\">LA FABNUM TOUCH :<\/span><\/p>\n<p><span class=\"font-377884\">UNE FABRIQUE POUR, ET PAR LES JEUNES<\/span>[\/vc_custom_heading][\/vc_column_inner][vc_column_inner width=\u00a0\u00bb3\/12&Prime;][\/vc_column_inner][\/vc_row_inner][\/vc_column][\/vc_row][vc_row unlock_row_content=\u00a0\u00bbyes\u00a0\u00bb row_height_percent=\u00a0\u00bb0&Prime; override_padding=\u00a0\u00bbyes\u00a0\u00bb h_padding=\u00a0\u00bb0&Prime; top_padding=\u00a0\u00bb0&Prime; bottom_padding=\u00a0\u00bb0&Prime; back_color=\u00a0\u00bbcolor-wayh\u00a0\u00bb overlay_alpha=\u00a0\u00bb50&Prime; equal_height=\u00a0\u00bbyes\u00a0\u00bb gutter_size=\u00a0\u00bb0&Prime; column_width_percent=\u00a0\u00bb100&Prime; shift_y=\u00a0\u00bb0&Prime; z_index=\u00a0\u00bb0&Prime; el_class=\u00a0\u00bbinverted-device-order\u00a0\u00bb][vc_column column_width_use_pixel=\u00a0\u00bbyes\u00a0\u00bb gutter_size=\u00a0\u00bb3&Prime; override_padding=\u00a0\u00bbyes\u00a0\u00bb column_padding=\u00a0\u00bb5&Prime; style=\u00a0\u00bbdark\u00a0\u00bb overlay_alpha=\u00a0\u00bb50&Prime; shift_x=\u00a0\u00bb0&Prime; shift_y=\u00a0\u00bb0&Prime; shift_y_down=\u00a0\u00bb0&Prime; z_index=\u00a0\u00bb0&Prime; medium_width=\u00a0\u00bb0&Prime; mobile_width=\u00a0\u00bb0&Prime; width=\u00a0\u00bb1\/2&Prime; column_width_pixel=\u00a0\u00bb528&Prime;][vc_custom_heading text_color=\u00a0\u00bbcolor-482803&Prime; text_size=\u00a0\u00bbfontsize-155944&Prime; separator=\u00a0\u00bbyes\u00a0\u00bb uncode_shortcode_id=\u00a0\u00bb192279&Prime; text_color_type=\u00a0\u00bbuncode-palette\u00a0\u00bb]<\/p>\n<h3><span style=\"color: #5e35f2;\">EFFICACE SUR LA REMOBILISATION DES JEUNES D\u00c9SCOLARIS\u00c9S<\/span><\/h3>\n<p>[\/vc_custom_heading][vc_column_text text_lead=\u00a0\u00bbyes\u00a0\u00bb uncode_shortcode_id=\u00a0\u00bb304585&Prime;]<span class=\"font-156269 font-377884\">La Fabrique Num\u00e9rique de Gonesse est un dispositif de remobilisation intensif en 5 mois, destin\u00e9 \u00e0 des jeunes de 16 \u00e0 25 ans d\u00e9scolaris\u00e9s sans dipl\u00f4me ni qualifications.<\/span><\/p>\n<p><span class=\"font-156269 font-377884\">Il s\u2019appuie sur un FabLab (laboratoire de fabrication num\u00e9rique) et fonctionne enti\u00e8rement en \u201cmode projet\u201d. Les jeunes apprenants r\u00e9alisent des projets concrets, utiles \u00e0 la collectivit\u00e9, en r\u00e9ponse aux demandes des services de la Ville et des associations partenaires.Six mois apr\u00e8s leur passage \u00e0 la Fabrique Num\u00e9rique, 80% des jeunes sont de retour en formation, en emploi, ou ont cr\u00e9\u00e9 leur activit\u00e9.Parmi eux, plus des deux tiers raccrochent \u00e0 une formation qualifiante.<\/span>[\/vc_column_text][\/vc_column][vc_column column_width_percent=\u00a0\u00bb100&Prime; position_vertical=\u00a0\u00bbmiddle\u00a0\u00bb align_horizontal=\u00a0\u00bbalign_center\u00a0\u00bb gutter_size=\u00a0\u00bb3&Prime; back_image=\u00a0\u00bb102338&Prime; overlay_alpha=\u00a0\u00bb50&Prime; shift_x=\u00a0\u00bb0&Prime; shift_y=\u00a0\u00bb0&Prime; shift_y_down=\u00a0\u00bb0&Prime; z_index=\u00a0\u00bb0&Prime; medium_width=\u00a0\u00bb0&Prime; mobile_width=\u00a0\u00bb0&Prime; css_animation=\u00a0\u00bbright-t-left\u00a0\u00bb width=\u00a0\u00bb1\/2&Prime; mobile_height=\u00a0\u00bb340&Prime;][vc_single_image media=\u00a0\u00bb102338&Prime; media_width_percent=\u00a0\u00bb100&Prime; alignment=\u00a0\u00bbcenter\u00a0\u00bb css_animation=\u00a0\u00bbright-t-left\u00a0\u00bb][\/vc_column][\/vc_row][vc_row unlock_row_content=\u00a0\u00bbyes\u00a0\u00bb row_height_percent=\u00a0\u00bb0&Prime; override_padding=\u00a0\u00bbyes\u00a0\u00bb h_padding=\u00a0\u00bb0&Prime; top_padding=\u00a0\u00bb0&Prime; bottom_padding=\u00a0\u00bb0&Prime; back_color=\u00a0\u00bbcolor-wayh\u00a0\u00bb overlay_alpha=\u00a0\u00bb50&Prime; equal_height=\u00a0\u00bbyes\u00a0\u00bb gutter_size=\u00a0\u00bb0&Prime; column_width_percent=\u00a0\u00bb100&Prime; shift_y=\u00a0\u00bb0&Prime; z_index=\u00a0\u00bb0&Prime;][vc_column column_width_percent=\u00a0\u00bb100&Prime; position_vertical=\u00a0\u00bbmiddle\u00a0\u00bb align_horizontal=\u00a0\u00bbalign_center\u00a0\u00bb gutter_size=\u00a0\u00bb3&Prime; back_image=\u00a0\u00bb102339&Prime; overlay_alpha=\u00a0\u00bb50&Prime; shift_x=\u00a0\u00bb0&Prime; shift_y=\u00a0\u00bb0&Prime; shift_y_down=\u00a0\u00bb0&Prime; z_index=\u00a0\u00bb0&Prime; medium_width=\u00a0\u00bb0&Prime; mobile_width=\u00a0\u00bb0&Prime; width=\u00a0\u00bb1\/2&Prime; mobile_height=\u00a0\u00bb340&Prime;][vc_single_image media=\u00a0\u00bb102339&Prime; media_width_percent=\u00a0\u00bb100&Prime; css_animation=\u00a0\u00bbleft-t-right\u00a0\u00bb][\/vc_column][vc_column column_width_use_pixel=\u00a0\u00bbyes\u00a0\u00bb gutter_size=\u00a0\u00bb3&Prime; override_padding=\u00a0\u00bbyes\u00a0\u00bb column_padding=\u00a0\u00bb5&Prime; style=\u00a0\u00bbdark\u00a0\u00bb overlay_alpha=\u00a0\u00bb50&Prime; shift_x=\u00a0\u00bb0&Prime; shift_y=\u00a0\u00bb0&Prime; shift_y_down=\u00a0\u00bb0&Prime; z_index=\u00a0\u00bb0&Prime; medium_width=\u00a0\u00bb0&Prime; mobile_width=\u00a0\u00bb0&Prime; width=\u00a0\u00bb1\/2&Prime; column_width_pixel=\u00a0\u00bb528&Prime;][vc_custom_heading text_color=\u00a0\u00bbcolor-vyce\u00a0\u00bb text_size=\u00a0\u00bbfontsize-155944&Prime; separator=\u00a0\u00bbyes\u00a0\u00bb css_animation=\u00a0\u00bbright-t-left\u00a0\u00bb uncode_shortcode_id=\u00a0\u00bb947604&Prime; text_color_type=\u00a0\u00bbuncode-palette\u00a0\u00bb]<\/p>\n<h3 style=\"text-align: right;\"><strong><span class=\"font-377884\">UNE FABRIQUE DE \u201cCOMMUNS\u201d, CR\u00c9ATRICE DE NOUVELLES RESSOURCES POUR LA COLLECTIVIT\u00c9<\/span><\/strong><\/h3>\n<p>[\/vc_custom_heading][vc_column_text text_lead=\u00a0\u00bbyes\u00a0\u00bb css_animation=\u00a0\u00bbright-t-left\u00a0\u00bb uncode_shortcode_id=\u00a0\u00bb119071&Prime;]<\/p>\n<p style=\"text-align: right;\"><span class=\"font-156269 font-377884\">Pour mener \u00e0 bien les projets qu\u2019ils conduisent, les jeunes apprenants b\u00e9n\u00e9ficient de formations sur mesure. Les produits et services fournis par les apprenants aux services de la Ville de Gonesse et \u00e0 ses partenaires apportent une valeur ajout\u00e9e \u00e0 la collectivit\u00e9 :<\/span><\/p>\n<p style=\"text-align: right;\"><span class=\"font-156269 font-377884\">&#8211; Ils remplacent des produits et services que la Ville aurait d\u00fb acqu\u00e9rir aupr\u00e8s de fournisseurs professionnels.<\/span><\/p>\n<p style=\"text-align: right;\"><span class=\"font-377884\"><span class=\"font-156269\">&#8211; <\/span><span class=\"font-156269\">Ils permettent de d\u00e9velopper des produits et services innovants que la Ville n\u2019aurait pas d\u00e9velopp\u00e9s autrement.<\/span><\/span><\/p>\n<p style=\"text-align: right;\"><span class=\"font-156269 font-377884\">\u00c0 ce titre, la Fabrique Num\u00e9rique de Gonesse est aussi un dispositif d\u2019innovation publique qui permet de g\u00e9n\u00e9rer des ressources originales gr\u00e2ce \u00e0 l\u2019effort de remobilisation<br \/>\ndes jeunes d\u00e9crocheurs.<\/span><\/p>\n<p>[\/vc_column_text][\/vc_column][\/vc_row][vc_row row_height_percent=\u00a0\u00bb50&Prime; override_padding=\u00a0\u00bbyes\u00a0\u00bb h_padding=\u00a0\u00bb2&Prime; top_padding=\u00a0\u00bb5&Prime; bottom_padding=\u00a0\u00bb5&Prime; overlay_alpha=\u00a0\u00bb50&Prime; gutter_size=\u00a0\u00bb100&Prime; column_width_percent=\u00a0\u00bb100&Prime; shift_y=\u00a0\u00bb0&Prime; z_index=\u00a0\u00bb0&Prime; style=\u00a0\u00bbinherited\u00a0\u00bb uncode_shortcode_id=\u00a0\u00bb603266&Prime; back_color_type=\u00a0\u00bbuncode-solid\u00a0\u00bb back_color_solid=\u00a0\u00bb#252d80&Prime; shape_dividers=\u00a0\u00bb\u00a0\u00bb][vc_column column_width_percent=\u00a0\u00bb100&Prime; position_vertical=\u00a0\u00bbmiddle\u00a0\u00bb align_horizontal=\u00a0\u00bbalign_center\u00a0\u00bb gutter_size=\u00a0\u00bb3&Prime; style=\u00a0\u00bbdark\u00a0\u00bb overlay_alpha=\u00a0\u00bb50&Prime; shift_x=\u00a0\u00bb0&Prime; shift_y=\u00a0\u00bb0&Prime; shift_y_down=\u00a0\u00bb0&Prime; z_index=\u00a0\u00bb0&Prime; medium_width=\u00a0\u00bb0&Prime; mobile_width=\u00a0\u00bb0&Prime; zoom_width=\u00a0\u00bb0&Prime; zoom_height=\u00a0\u00bb0&Prime; width=\u00a0\u00bb1\/1&Prime;][vc_custom_heading heading_semantic=\u00a0\u00bbh3&Prime; text_size=\u00a0\u00bbh1&Prime; separator=\u00a0\u00bbyes\u00a0\u00bb css_animation=\u00a0\u00bbleft-t-right\u00a0\u00bb uncode_shortcode_id=\u00a0\u00bb848643&Prime;]<span class=\"font-377884\" style=\"color: #252d80;\">LA FABNUM TOUCH \u2665<\/span>[\/vc_custom_heading][vc_column_text css_animation=\u00a0\u00bbleft-t-right\u00a0\u00bb uncode_shortcode_id=\u00a0\u00bb707500&Prime;]<\/p>\n<h4 style=\"text-align: center;\"><span class=\"font-156269\" style=\"color: #252d80;\">#LaFabNum est un lieu d\u2019exp\u00e9rimentation qui permet de g\u00e9n\u00e9rer du lien et notre p\u00e9dagogie repose sur 3 modules :<\/span><\/h4>\n<p>[\/vc_column_text][vc_row_inner row_inner_height_percent=\u00a0\u00bb0&Prime; force_width_grid=\u00a0\u00bbyes\u00a0\u00bb back_color=\u00a0\u00bbaccent\u00a0\u00bb overlay_alpha=\u00a0\u00bb50&Prime; gutter_size=\u00a0\u00bb4&Prime; shift_y=\u00a0\u00bb0&Prime; z_index=\u00a0\u00bb0&Prime; uncode_shortcode_id=\u00a0\u00bb433770&Prime; back_color_type=\u00a0\u00bbuncode-palette\u00a0\u00bb shape_dividers=\u00a0\u00bb\u00a0\u00bb][vc_column_inner column_width_percent=\u00a0\u00bb100&Prime; align_horizontal=\u00a0\u00bbalign_center\u00a0\u00bb gutter_size=\u00a0\u00bb3&Prime; style=\u00a0\u00bbdark\u00a0\u00bb overlay_alpha=\u00a0\u00bb50&Prime; shift_x=\u00a0\u00bb0&Prime; shift_y=\u00a0\u00bb0&Prime; shift_y_down=\u00a0\u00bb0&Prime; z_index=\u00a0\u00bb0&Prime; medium_width=\u00a0\u00bb0&Prime; mobile_width=\u00a0\u00bb0&Prime; width=\u00a0\u00bb1\/3&Prime;][vc_icon icon=\u00a0\u00bbfa fa-file-code-o\u00a0\u00bb icon_color=\u00a0\u00bbcolor-xsdn\u00a0\u00bb size=\u00a0\u00bbfa-4x\u00a0\u00bb text_font=\u00a0\u00bbfont-377884&Prime; text_size=\u00a0\u00bbh2&Prime; css_animation=\u00a0\u00bbleft-t-right\u00a0\u00bb align=\u00a0\u00bbleft\u00a0\u00bb title=\u00a0\u00bbFabrication num\u00e9rique\u00a0\u00bb uncode_shortcode_id=\u00a0\u00bb144221&Prime; icon_color_type=\u00a0\u00bbuncode-palette\u00a0\u00bb]<span class=\"font-156269 font-377884\">\u22c5 Mod\u00e9lisation et d\u00e9coupe laser<\/span><br \/>\n<span class=\"font-156269 font-377884\">\u22c5 Impression 3D<\/span><br \/>\n<span class=\"font-156269 font-377884\">\u22c5 Programmation\u2026<\/span>[\/vc_icon][\/vc_column_inner][vc_column_inner column_width_percent=\u00a0\u00bb100&Prime; align_horizontal=\u00a0\u00bbalign_center\u00a0\u00bb gutter_size=\u00a0\u00bb3&Prime; style=\u00a0\u00bbdark\u00a0\u00bb overlay_alpha=\u00a0\u00bb50&Prime; shift_x=\u00a0\u00bb0&Prime; shift_y=\u00a0\u00bb0&Prime; shift_y_down=\u00a0\u00bb0&Prime; z_index=\u00a0\u00bb0&Prime; medium_width=\u00a0\u00bb0&Prime; mobile_width=\u00a0\u00bb0&Prime; width=\u00a0\u00bb1\/3&Prime;][vc_icon icon=\u00a0\u00bbfa fa-earth\u00a0\u00bb icon_color=\u00a0\u00bbcolor-xsdn\u00a0\u00bb size=\u00a0\u00bbfa-4x\u00a0\u00bb text_font=\u00a0\u00bbfont-377884&Prime; text_size=\u00a0\u00bbh2&Prime; css_animation=\u00a0\u00bbleft-t-right\u00a0\u00bb align=\u00a0\u00bbleft\u00a0\u00bb title=\u00a0\u00bbWeb\u00a0\u00bb uncode_shortcode_id=\u00a0\u00bb106369&Prime; icon_color_type=\u00a0\u00bbuncode-palette\u00a0\u00bb]<span class=\"font-377884\">\u22c5 M\u00e9dias- Vid\u00e9o<\/span><br \/>\n<span class=\"font-377884\">\u22c5 Site internet<\/span><br \/>\n<span class=\"font-377884\">\u22c5 R\u00e9seaux sociaux\u2026<\/span>[\/vc_icon][\/vc_column_inner][vc_column_inner column_width_percent=\u00a0\u00bb100&Prime; align_horizontal=\u00a0\u00bbalign_center\u00a0\u00bb gutter_size=\u00a0\u00bb3&Prime; style=\u00a0\u00bbdark\u00a0\u00bb overlay_alpha=\u00a0\u00bb50&Prime; shift_x=\u00a0\u00bb0&Prime; shift_y=\u00a0\u00bb0&Prime; shift_y_down=\u00a0\u00bb0&Prime; z_index=\u00a0\u00bb0&Prime; medium_width=\u00a0\u00bb0&Prime; mobile_width=\u00a0\u00bb0&Prime; width=\u00a0\u00bb1\/3&Prime;][vc_icon icon=\u00a0\u00bbfa fa-group\u00a0\u00bb icon_color=\u00a0\u00bbcolor-xsdn\u00a0\u00bb size=\u00a0\u00bbfa-4x\u00a0\u00bb text_font=\u00a0\u00bbfont-377884&Prime; text_size=\u00a0\u00bbh2&Prime; css_animation=\u00a0\u00bbleft-t-right\u00a0\u00bb align=\u00a0\u00bbleft\u00a0\u00bb title=\u00a0\u00bbCapacit\u00e9s relationnelles\u00a0\u00bb uncode_shortcode_id=\u00a0\u00bb511041&Prime; icon_color_type=\u00a0\u00bbuncode-palette\u00a0\u00bb]<span class=\"font-377884\">\u22c5 Mediatraining<\/span><br \/>\n<span class=\"font-377884\">\u22c5 Savoir-\u00eatre<\/span><br \/>\n<span class=\"font-377884\">\u22c5 Networking\u2026<\/span>[\/vc_icon][\/vc_column_inner][\/vc_row_inner][\/vc_column][\/vc_row]<\/p>\n<\/div>","protected":false},"excerpt":{"rendered":"<p>[vc_row row_height_percent=\u00a0\u00bb60&Prime; override_padding=\u00a0\u00bbyes\u00a0\u00bb h_padding=\u00a0\u00bb2&Prime; top_padding=\u00a0\u00bb5&Prime; bottom_padding=\u00a0\u00bb5&Prime; back_image=\u00a0\u00bb102341&Prime; overlay_color=\u00a0\u00bbcolor-482803&Prime; overlay_alpha=\u00a0\u00bb70&Prime; equal_height=\u00a0\u00bbyes\u00a0\u00bb gutter_size=\u00a0\u00bb3&Prime; column_width_percent=\u00a0\u00bb100&Prime; shift_y=\u00a0\u00bb0&Prime; z_index=\u00a0\u00bb0&Prime; top_divider=\u00a0\u00bbgradient\u00a0\u00bb bottom_divider=\u00a0\u00bbgradient\u00a0\u00bb][vc_column column_width_percent=\u00a0\u00bb100&Prime; position_vertical=\u00a0\u00bbbottom\u00a0\u00bb gutter_size=\u00a0\u00bb3&Prime; style=\u00a0\u00bbdark\u00a0\u00bb [&hellip;]<\/p>\n","protected":false},"author":9,"featured_media":0,"parent":0,"menu_order":0,"comment_status":"closed","ping_status":"closed","template":"..\/public\/views\/revslider-page-template.php","meta":{"footnotes":""},"class_list":["post-80005","page","type-page","status-publish","hentry"],"jetpack_sharing_enabled":true,"_links":{"self":[{"href":"https:\/\/fabnum.tech\/index.php\/wp-json\/wp\/v2\/pages\/80005","targetHints":{"allow":["GET"]}}],"collection":[{"href":"https:\/\/fabnum.tech\/index.php\/wp-json\/wp\/v2\/pages"}],"about":[{"href":"https:\/\/fabnum.tech\/index.php\/wp-json\/wp\/v2\/types\/page"}],"author":[{"embeddable":true,"href":"https:\/\/fabnum.tech\/index.php\/wp-json\/wp\/v2\/users\/9"}],"replies":[{"embeddable":true,"href":"https:\/\/fabnum.tech\/index.php\/wp-json\/wp\/v2\/comments?post=80005"}],"version-history":[{"count":31,"href":"https:\/\/fabnum.tech\/index.php\/wp-json\/wp\/v2\/pages\/80005\/revisions"}],"predecessor-version":[{"id":105166,"href":"https:\/\/fabnum.tech\/index.php\/wp-json\/wp\/v2\/pages\/80005\/revisions\/105166"}],"wp:attachment":[{"href":"https:\/\/fabnum.tech\/index.php\/wp-json\/wp\/v2\/media?parent=80005"}],"curies":[{"name":"wp","href":"https:\/\/api.w.org\/{rel}","templated":true}]}}